{"id":63,"date":"2022-06-29T16:33:34","date_gmt":"2022-06-29T16:33:34","guid":{"rendered":"http:\/\/anagonzalezrojas.com\/?page_id=63"},"modified":"2023-06-24T17:07:48","modified_gmt":"2023-06-24T17:07:48","slug":"cv","status":"publish","type":"page","link":"https:\/\/anagonzalezrojas.com\/index.php\/cv\/","title":{"rendered":"CV"},"content":{"rendered":"\t\t<div data-elementor-type=\"wp-page\" data-elementor-id=\"63\" class=\"elementor elementor-63\">\n\t\t\t\t\t\t\t\t\t<section class=\"elementor-section elementor-top-section elementor-element elementor-element-94a6a56 elementor-section-boxed elementor-section-height-default elementor-section-height-default\" data-id=\"94a6a56\" data-element_type=\"section\">\n\t\t\t\t\t\t<div class=\"elementor-container elementor-column-gap-default\">\n\t\t\t\t\t<div class=\"elementor-column elementor-col-33 elementor-top-column elementor-element elementor-element-b3e412a\" data-id=\"b3e412a\" data-element_type=\"column\">\n\t\t\t<div class=\"elementor-widget-wrap elementor-element-populated\">\n\t\t\t\t\t\t\t\t<div class=\"elementor-element elementor-element-72f4fe2 elementor-widget elementor-widget-image\" data-id=\"72f4fe2\" data-element_type=\"widget\" data-widget_type=\"image.default\">\n\t\t\t\t<div class=\"elementor-widget-container\">\n\t\t\t<style>\/*! elementor - v3.6.6 - 08-06-2022 *\/\n.elementor-widget-image{text-align:center}.elementor-widget-image a{display:inline-block}.elementor-widget-image a img[src$=\".svg\"]{width:48px}.elementor-widget-image img{vertical-align:middle;display:inline-block}<\/style>\t\t\t\t\t\t\t\t\t\t\t\t<img loading=\"lazy\" decoding=\"async\" width=\"750\" height=\"1024\" src=\"https:\/\/anagonzalezrojas.com\/wp-content\/uploads\/2023\/06\/Ana-Gonzalez-2023-BW-750x1024.jpg\" class=\"attachment-large size-large\" alt=\"\" srcset=\"https:\/\/anagonzalezrojas.com\/wp-content\/uploads\/2023\/06\/Ana-Gonzalez-2023-BW-750x1024.jpg 750w, https:\/\/anagonzalezrojas.com\/wp-content\/uploads\/2023\/06\/Ana-Gonzalez-2023-BW-220x300.jpg 220w, https:\/\/anagonzalezrojas.com\/wp-content\/uploads\/2023\/06\/Ana-Gonzalez-2023-BW-768x1049.jpg 768w, https:\/\/anagonzalezrojas.com\/wp-content\/uploads\/2023\/06\/Ana-Gonzalez-2023-BW.jpg 900w\" sizes=\"auto, (max-width: 750px) 100vw, 750px\" \/>\t\t\t\t\t\t\t\t\t\t\t\t\t\t\t<\/div>\n\t\t\t\t<\/div>\n\t\t\t\t<div class=\"elementor-element elementor-element-c3aed1a elementor-widget-divider--view-line elementor-widget elementor-widget-divider\" data-id=\"c3aed1a\" data-element_type=\"widget\" data-widget_type=\"divider.default\">\n\t\t\t\t<div class=\"elementor-widget-container\">\n\t\t\t<style>\/*! elementor - v3.6.6 - 08-06-2022 *\/\n.elementor-widget-divider{--divider-border-style:none;--divider-border-width:1px;--divider-color:#2c2c2c;--divider-icon-size:20px;--divider-element-spacing:10px;--divider-pattern-height:24px;--divider-pattern-size:20px;--divider-pattern-url:none;--divider-pattern-repeat:repeat-x}.elementor-widget-divider .elementor-divider{display:-webkit-box;display:-ms-flexbox;display:flex}.elementor-widget-divider .elementor-divider__text{font-size:15px;line-height:1;max-width:95%}.elementor-widget-divider .elementor-divider__element{margin:0 var(--divider-element-spacing);-ms-flex-negative:0;flex-shrink:0}.elementor-widget-divider .elementor-icon{font-size:var(--divider-icon-size)}.elementor-widget-divider .elementor-divider-separator{display:-webkit-box;display:-ms-flexbox;display:flex;margin:0;direction:ltr}.elementor-widget-divider--view-line_icon .elementor-divider-separator,.elementor-widget-divider--view-line_text .elementor-divider-separator{-webkit-box-align:center;-ms-flex-align:center;align-items:center}.elementor-widget-divider--view-line_icon .elementor-divider-separator:after,.elementor-widget-divider--view-line_icon .elementor-divider-separator:before,.elementor-widget-divider--view-line_text .elementor-divider-separator:after,.elementor-widget-divider--view-line_text .elementor-divider-separator:before{display:block;content:\"\";border-bottom:0;-webkit-box-flex:1;-ms-flex-positive:1;flex-grow:1;border-top:var(--divider-border-width) var(--divider-border-style) var(--divider-color)}.elementor-widget-divider--element-align-left .elementor-divider .elementor-divider-separator>.elementor-divider__svg:first-of-type{-webkit-box-flex:0;-ms-flex-positive:0;flex-grow:0;-ms-flex-negative:100;flex-shrink:100}.elementor-widget-divider--element-align-left .elementor-divider-separator:before{content:none}.elementor-widget-divider--element-align-left .elementor-divider__element{margin-left:0}.elementor-widget-divider--element-align-right .elementor-divider .elementor-divider-separator>.elementor-divider__svg:last-of-type{-webkit-box-flex:0;-ms-flex-positive:0;flex-grow:0;-ms-flex-negative:100;flex-shrink:100}.elementor-widget-divider--element-align-right .elementor-divider-separator:after{content:none}.elementor-widget-divider--element-align-right .elementor-divider__element{margin-right:0}.elementor-widget-divider:not(.elementor-widget-divider--view-line_text):not(.elementor-widget-divider--view-line_icon) .elementor-divider-separator{border-top:var(--divider-border-width) var(--divider-border-style) var(--divider-color)}.elementor-widget-divider--separator-type-pattern{--divider-border-style:none}.elementor-widget-divider--separator-type-pattern.elementor-widget-divider--view-line .elementor-divider-separator,.elementor-widget-divider--separator-type-pattern:not(.elementor-widget-divider--view-line) .elementor-divider-separator:after,.elementor-widget-divider--separator-type-pattern:not(.elementor-widget-divider--view-line) .elementor-divider-separator:before,.elementor-widget-divider--separator-type-pattern:not([class*=elementor-widget-divider--view]) .elementor-divider-separator{width:100%;min-height:var(--divider-pattern-height);-webkit-mask-size:var(--divider-pattern-size) 100%;mask-size:var(--divider-pattern-size) 100%;-webkit-mask-repeat:var(--divider-pattern-repeat);mask-repeat:var(--divider-pattern-repeat);background-color:var(--divider-color);-webkit-mask-image:var(--divider-pattern-url);mask-image:var(--divider-pattern-url)}.elementor-widget-divider--no-spacing{--divider-pattern-size:auto}.elementor-widget-divider--bg-round{--divider-pattern-repeat:round}.rtl .elementor-widget-divider .elementor-divider__text{direction:rtl}<\/style>\t\t<div class=\"elementor-divider\">\n\t\t\t<span class=\"elementor-divider-separator\">\n\t\t\t\t\t\t<\/span>\n\t\t<\/div>\n\t\t\t\t<\/div>\n\t\t\t\t<\/div>\n\t\t\t\t\t<\/div>\n\t\t<\/div>\n\t\t\t\t<div class=\"elementor-column elementor-col-66 elementor-top-column elementor-element elementor-element-4ce386d\" data-id=\"4ce386d\" data-element_type=\"column\">\n\t\t\t<div class=\"elementor-widget-wrap elementor-element-populated\">\n\t\t\t\t\t\t\t\t<div class=\"elementor-element elementor-element-521a8b8 elementor-widget elementor-widget-text-editor\" data-id=\"521a8b8\" data-element_type=\"widget\" data-widget_type=\"text-editor.default\">\n\t\t\t\t<div class=\"elementor-widget-container\">\n\t\t\t<style>\/*! elementor - v3.6.6 - 08-06-2022 *\/\n.elementor-widget-text-editor.elementor-drop-cap-view-stacked .elementor-drop-cap{background-color:#818a91;color:#fff}.elementor-widget-text-editor.elementor-drop-cap-view-framed .elementor-drop-cap{color:#818a91;border:3px solid;background-color:transparent}.elementor-widget-text-editor:not(.elementor-drop-cap-view-default) .elementor-drop-cap{margin-top:8px}.elementor-widget-text-editor:not(.elementor-drop-cap-view-default) .elementor-drop-cap-letter{width:1em;height:1em}.elementor-widget-text-editor .elementor-drop-cap{float:left;text-align:center;line-height:1;font-size:50px}.elementor-widget-text-editor .elementor-drop-cap-letter{display:inline-block}<\/style>\t\t\t\t<h1>Ana Gonz\u00e1lez Rojas<\/h1><p>Bogot\u00e1, Colombia. 1974<\/p>\t\t\t\t\t\t<\/div>\n\t\t\t\t<\/div>\n\t\t\t\t<div class=\"elementor-element elementor-element-c4996a4 elementor-widget-divider--view-line elementor-widget elementor-widget-divider\" data-id=\"c4996a4\" data-element_type=\"widget\" data-widget_type=\"divider.default\">\n\t\t\t\t<div class=\"elementor-widget-container\">\n\t\t\t\t\t<div class=\"elementor-divider\">\n\t\t\t<span class=\"elementor-divider-separator\">\n\t\t\t\t\t\t<\/span>\n\t\t<\/div>\n\t\t\t\t<\/div>\n\t\t\t\t<\/div>\n\t\t\t\t<div class=\"elementor-element elementor-element-f0c9d3a elementor-widget elementor-widget-text-editor\" data-id=\"f0c9d3a\" data-element_type=\"widget\" data-widget_type=\"text-editor.default\">\n\t\t\t\t<div class=\"elementor-widget-container\">\n\t\t\t\t\t\t\t<p>Graduada como arquitecta en la Universidad de los Andes, se especializ\u00f3 en Arte y G\u00e9nero en el Trinity College de Dubl\u00edn (Irlanda) e hizo un m\u00e1ster en Fotograf\u00eda-Impresi\u00f3n-Editorial en la ESNBA y la ESCP de Par\u00eds (Francia). Sus obras e intervenciones escult\u00f3ricas revelan su particular inquietud por entender el desplazamiento, la arquitectura, la naturaleza y la ausencia desde un punto de vista femenino, de oficio, herencia y factura. Su cuerpo de trabajo lo ha desarrollado basado en la experiencia de escuchar detenidamente y de manera paralela a su trabajo, a personas\/artesanos de sectores de la poblaci\u00f3n desplazada v\u00edctimas del conflicto armado que han emigrado a los cascos urbanos.<\/p><p>Proyectos como <strong>Bellas Durmientes, Mutatio, Pass i flora, Nymphaea Salvaje y Mutuum<\/strong> hacen evidente el inter\u00e9s por la observaci\u00f3n de la arquitectura abandonada por el desplazamiento, la naturaleza invasora y la exploraci\u00f3n de los fen\u00f3menos que sobre ellas acontecen. El oficio, la factura y la tradici\u00f3n familiar hacen parte de su motivaci\u00f3n para resaltar ese lado femenino y org\u00e1nico de su historia. En cada obra est\u00e1n presentes oficios que aprendi\u00f3 de su abuela bordadora y su abuelo fot\u00f3grafo. Su pasi\u00f3n por la investigaci\u00f3n de la vida y mirada de las mujeres en el campo art\u00edstico y cient\u00edfico a lo largo de la historia ha sido una inspiraci\u00f3n que complementa su obra.<\/p>\t\t\t\t\t\t<\/div>\n\t\t\t\t<\/div>\n\t\t\t\t<div class=\"elementor-element elementor-element-3860b29 elementor-widget-divider--view-line elementor-widget elementor-widget-divider\" data-id=\"3860b29\" data-element_type=\"widget\" data-widget_type=\"divider.default\">\n\t\t\t\t<div class=\"elementor-widget-container\">\n\t\t\t\t\t<div class=\"elementor-divider\">\n\t\t\t<span class=\"elementor-divider-separator\">\n\t\t\t\t\t\t<\/span>\n\t\t<\/div>\n\t\t\t\t<\/div>\n\t\t\t\t<\/div>\n\t\t\t\t<section class=\"elementor-section elementor-inner-section elementor-element elementor-element-7991a1b elementor-section-boxed elementor-section-height-default elementor-section-height-default\" data-id=\"7991a1b\" data-element_type=\"section\">\n\t\t\t\t\t\t<div class=\"elementor-container elementor-column-gap-default\">\n\t\t\t\t\t<div class=\"elementor-column elementor-col-50 elementor-inner-column elementor-element elementor-element-53d13da\" data-id=\"53d13da\" data-element_type=\"column\">\n\t\t\t<div class=\"elementor-widget-wrap\">\n\t\t\t\t\t\t\t\t\t<\/div>\n\t\t<\/div>\n\t\t\t\t<div class=\"elementor-column elementor-col-50 elementor-inner-column elementor-element elementor-element-8662b55\" data-id=\"8662b55\" data-element_type=\"column\">\n\t\t\t<div class=\"elementor-widget-wrap elementor-element-populated\">\n\t\t\t\t\t\t\t\t<div class=\"elementor-element elementor-element-493a82d elementor-widget elementor-widget-text-editor\" data-id=\"493a82d\" data-element_type=\"widget\" data-widget_type=\"text-editor.default\">\n\t\t\t\t<div class=\"elementor-widget-container\">\n\t\t\t\t\t\t\t<p style=\"text-align: right;\"><a href=\"http:\/\/anagonzalezrojas.com\/wp-content\/uploads\/2023\/06\/CV_Ana-Gonzalez_2023.pdf\"><strong>DESCARGAR CV EN PDF<\/strong><\/a><\/p>\t\t\t\t\t\t<\/div>\n\t\t\t\t<\/div>\n\t\t\t\t\t<\/div>\n\t\t<\/div>\n\t\t\t\t\t\t\t<\/div>\n\t\t<\/section>\n\t\t\t\t<div class=\"elementor-element elementor-element-1e6cd83 elementor-widget elementor-widget-heading\" data-id=\"1e6cd83\" data-element_type=\"widget\" data-widget_type=\"heading.default\">\n\t\t\t\t<div class=\"elementor-widget-container\">\n\t\t\t<style>\/*! elementor - v3.6.6 - 08-06-2022 *\/\n.elementor-heading-title{padding:0;margin:0;line-height:1}.elementor-widget-heading .elementor-heading-title[class*=elementor-size-]>a{color:inherit;font-size:inherit;line-height:inherit}.elementor-widget-heading .elementor-heading-title.elementor-size-small{font-size:15px}.elementor-widget-heading .elementor-heading-title.elementor-size-medium{font-size:19px}.elementor-widget-heading .elementor-heading-title.elementor-size-large{font-size:29px}.elementor-widget-heading .elementor-heading-title.elementor-size-xl{font-size:39px}.elementor-widget-heading .elementor-heading-title.elementor-size-xxl{font-size:59px}<\/style><h2 class=\"elementor-heading-title elementor-size-default\">Dossier <\/h2>\t\t<\/div>\n\t\t\t\t<\/div>\n\t\t\t\t<div class=\"elementor-element elementor-element-f3af0eb elementor-widget elementor-widget-pdf_viewer\" data-id=\"f3af0eb\" data-element_type=\"widget\" data-widget_type=\"pdf_viewer.default\">\n\t\t\t\t<div class=\"elementor-widget-container\">\n\t\t\t<iframe src=\"https:\/\/docs.google.com\/viewer?url=http:\/\/anagonzalezrojas.com\/wp-content\/uploads\/2023\/06\/GLC_Dossier-Ana-Gonzalez_ES_web-1.pdf&amp;embedded=true\" style=\"display: block; margin-left: auto; margin-right: auto; width: 100%; height: 600px;\" frameborder=\"1\" marginheight=\"0px\" marginwidth=\"0px\" allowfullscreen><\/iframe>\t\t<\/div>\n\t\t\t\t<\/div>\n\t\t\t\t\t<\/div>\n\t\t<\/div>\n\t\t\t\t\t\t\t<\/div>\n\t\t<\/section>\n\t\t\t\t\t\t\t<\/div>\n\t\t","protected":false},"excerpt":{"rendered":"<p>Ana Gonz\u00e1lez Rojas Bogot\u00e1, Colombia. 1974 Graduada como arquitecta en la Universidad de los Andes, se especializ\u00f3 en Arte y G\u00e9nero en el Trinity College de Dubl\u00edn (Irlanda) e hizo un m\u00e1ster en Fotograf\u00eda-Impresi\u00f3n-Editorial en la ESNBA y la ESCP de Par\u00eds (Francia). Sus obras e intervenciones escult\u00f3ricas revelan su particular inquietud por entender el &hellip;<\/p>\n<p class=\"read-more\"> <a class=\"\" href=\"https:\/\/anagonzalezrojas.com\/index.php\/cv\/\"> <span class=\"screen-reader-text\">CV<\/span> Leer m\u00e1s &raquo;<\/a><\/p>\n","protected":false},"author":1,"featured_media":0,"parent":0,"menu_order":0,"comment_status":"closed","ping_status":"closed","template":"","meta":{"site-sidebar-layout":"no-sidebar","site-content-layout":"page-builder","ast-global-header-display":"","ast-main-header-display":"","ast-hfb-above-header-display":"","ast-hfb-below-header-display":"","ast-hfb-mobile-header-display":"","site-post-title":"disabled","ast-breadcrumbs-content":"","ast-featured-img":"disabled","footer-sml-layout":"","theme-transparent-header-meta":"","adv-header-id-meta":"","stick-header-meta":"","header-above-stick-meta":"","header-main-stick-meta":"","header-below-stick-meta":"","footnotes":""},"class_list":["post-63","page","type-page","status-publish","hentry"],"_links":{"self":[{"href":"https:\/\/anagonzalezrojas.com\/index.php\/wp-json\/wp\/v2\/pages\/63","targetHints":{"allow":["GET"]}}],"collection":[{"href":"https:\/\/anagonzalezrojas.com\/index.php\/wp-json\/wp\/v2\/pages"}],"about":[{"href":"https:\/\/anagonzalezrojas.com\/index.php\/wp-json\/wp\/v2\/types\/page"}],"author":[{"embeddable":true,"href":"https:\/\/anagonzalezrojas.com\/index.php\/wp-json\/wp\/v2\/users\/1"}],"replies":[{"embeddable":true,"href":"https:\/\/anagonzalezrojas.com\/index.php\/wp-json\/wp\/v2\/comments?post=63"}],"version-history":[{"count":22,"href":"https:\/\/anagonzalezrojas.com\/index.php\/wp-json\/wp\/v2\/pages\/63\/revisions"}],"predecessor-version":[{"id":1350,"href":"https:\/\/anagonzalezrojas.com\/index.php\/wp-json\/wp\/v2\/pages\/63\/revisions\/1350"}],"wp:attachment":[{"href":"https:\/\/anagonzalezrojas.com\/index.php\/wp-json\/wp\/v2\/media?parent=63"}],"curies":[{"name":"wp","href":"https:\/\/api.w.org\/{rel}","templated":true}]}}