{"id":172,"date":"2023-04-26T21:08:04","date_gmt":"2023-04-26T21:08:04","guid":{"rendered":"http:\/\/anagonzalezrojas.com\/?page_id=172"},"modified":"2025-02-22T16:44:57","modified_gmt":"2025-02-22T16:44:57","slug":"archivo","status":"publish","type":"page","link":"https:\/\/anagonzalezrojas.com\/index.php\/archivo\/","title":{"rendered":"Series"},"content":{"rendered":"\t\t<div data-elementor-type=\"wp-page\" data-elementor-id=\"172\" class=\"elementor elementor-172\">\n\t\t\t\t\t\t\t\t\t<section class=\"elementor-section elementor-top-section elementor-element elementor-element-1c80acc elementor-section-boxed elementor-section-height-default elementor-section-height-default\" data-id=\"1c80acc\" data-element_type=\"section\">\n\t\t\t\t\t\t<div class=\"elementor-container elementor-column-gap-default\">\n\t\t\t\t\t<div class=\"elementor-column elementor-col-100 elementor-top-column elementor-element elementor-element-701e5dd\" data-id=\"701e5dd\" data-element_type=\"column\">\n\t\t\t<div class=\"elementor-widget-wrap elementor-element-populated\">\n\t\t\t\t\t\t\t\t<div class=\"elementor-element elementor-element-7880762 elementor-widget elementor-widget-heading\" data-id=\"7880762\" data-element_type=\"widget\" data-widget_type=\"heading.default\">\n\t\t\t\t<div class=\"elementor-widget-container\">\n\t\t\t<style>\/*! elementor - v3.6.6 - 08-06-2022 *\/\n.elementor-heading-title{padding:0;margin:0;line-height:1}.elementor-widget-heading .elementor-heading-title[class*=elementor-size-]>a{color:inherit;font-size:inherit;line-height:inherit}.elementor-widget-heading .elementor-heading-title.elementor-size-small{font-size:15px}.elementor-widget-heading .elementor-heading-title.elementor-size-medium{font-size:19px}.elementor-widget-heading .elementor-heading-title.elementor-size-large{font-size:29px}.elementor-widget-heading .elementor-heading-title.elementor-size-xl{font-size:39px}.elementor-widget-heading .elementor-heading-title.elementor-size-xxl{font-size:59px}<\/style><h2 class=\"elementor-heading-title elementor-size-default\">Series<\/h2>\t\t<\/div>\n\t\t\t\t<\/div>\n\t\t\t\t<div class=\"elementor-element elementor-element-9354763 elementor-widget-divider--view-line elementor-widget elementor-widget-divider\" data-id=\"9354763\" data-element_type=\"widget\" data-widget_type=\"divider.default\">\n\t\t\t\t<div class=\"elementor-widget-container\">\n\t\t\t<style>\/*! elementor - v3.6.6 - 08-06-2022 *\/\n.elementor-widget-divider{--divider-border-style:none;--divider-border-width:1px;--divider-color:#2c2c2c;--divider-icon-size:20px;--divider-element-spacing:10px;--divider-pattern-height:24px;--divider-pattern-size:20px;--divider-pattern-url:none;--divider-pattern-repeat:repeat-x}.elementor-widget-divider .elementor-divider{display:-webkit-box;display:-ms-flexbox;display:flex}.elementor-widget-divider .elementor-divider__text{font-size:15px;line-height:1;max-width:95%}.elementor-widget-divider .elementor-divider__element{margin:0 var(--divider-element-spacing);-ms-flex-negative:0;flex-shrink:0}.elementor-widget-divider .elementor-icon{font-size:var(--divider-icon-size)}.elementor-widget-divider .elementor-divider-separator{display:-webkit-box;display:-ms-flexbox;display:flex;margin:0;direction:ltr}.elementor-widget-divider--view-line_icon .elementor-divider-separator,.elementor-widget-divider--view-line_text .elementor-divider-separator{-webkit-box-align:center;-ms-flex-align:center;align-items:center}.elementor-widget-divider--view-line_icon .elementor-divider-separator:after,.elementor-widget-divider--view-line_icon .elementor-divider-separator:before,.elementor-widget-divider--view-line_text .elementor-divider-separator:after,.elementor-widget-divider--view-line_text .elementor-divider-separator:before{display:block;content:\"\";border-bottom:0;-webkit-box-flex:1;-ms-flex-positive:1;flex-grow:1;border-top:var(--divider-border-width) var(--divider-border-style) var(--divider-color)}.elementor-widget-divider--element-align-left .elementor-divider .elementor-divider-separator>.elementor-divider__svg:first-of-type{-webkit-box-flex:0;-ms-flex-positive:0;flex-grow:0;-ms-flex-negative:100;flex-shrink:100}.elementor-widget-divider--element-align-left .elementor-divider-separator:before{content:none}.elementor-widget-divider--element-align-left .elementor-divider__element{margin-left:0}.elementor-widget-divider--element-align-right .elementor-divider .elementor-divider-separator>.elementor-divider__svg:last-of-type{-webkit-box-flex:0;-ms-flex-positive:0;flex-grow:0;-ms-flex-negative:100;flex-shrink:100}.elementor-widget-divider--element-align-right .elementor-divider-separator:after{content:none}.elementor-widget-divider--element-align-right .elementor-divider__element{margin-right:0}.elementor-widget-divider:not(.elementor-widget-divider--view-line_text):not(.elementor-widget-divider--view-line_icon) .elementor-divider-separator{border-top:var(--divider-border-width) var(--divider-border-style) var(--divider-color)}.elementor-widget-divider--separator-type-pattern{--divider-border-style:none}.elementor-widget-divider--separator-type-pattern.elementor-widget-divider--view-line .elementor-divider-separator,.elementor-widget-divider--separator-type-pattern:not(.elementor-widget-divider--view-line) .elementor-divider-separator:after,.elementor-widget-divider--separator-type-pattern:not(.elementor-widget-divider--view-line) .elementor-divider-separator:before,.elementor-widget-divider--separator-type-pattern:not([class*=elementor-widget-divider--view]) .elementor-divider-separator{width:100%;min-height:var(--divider-pattern-height);-webkit-mask-size:var(--divider-pattern-size) 100%;mask-size:var(--divider-pattern-size) 100%;-webkit-mask-repeat:var(--divider-pattern-repeat);mask-repeat:var(--divider-pattern-repeat);background-color:var(--divider-color);-webkit-mask-image:var(--divider-pattern-url);mask-image:var(--divider-pattern-url)}.elementor-widget-divider--no-spacing{--divider-pattern-size:auto}.elementor-widget-divider--bg-round{--divider-pattern-repeat:round}.rtl .elementor-widget-divider .elementor-divider__text{direction:rtl}<\/style>\t\t<div class=\"elementor-divider\">\n\t\t\t<span class=\"elementor-divider-separator\">\n\t\t\t\t\t\t<\/span>\n\t\t<\/div>\n\t\t\t\t<\/div>\n\t\t\t\t<\/div>\n\t\t\t\t\t<\/div>\n\t\t<\/div>\n\t\t\t\t\t\t\t<\/div>\n\t\t<\/section>\n\t\t\t\t<section class=\"elementor-section elementor-top-section elementor-element elementor-element-3b325b4 elementor-section-boxed elementor-section-height-default elementor-section-height-default\" data-id=\"3b325b4\" data-element_type=\"section\">\n\t\t\t\t\t\t<div class=\"elementor-container elementor-column-gap-default\">\n\t\t\t\t\t<div class=\"elementor-column elementor-col-100 elementor-top-column elementor-element elementor-element-f249e6b\" data-id=\"f249e6b\" data-element_type=\"column\">\n\t\t\t<div class=\"elementor-widget-wrap elementor-element-populated\">\n\t\t\t\t\t\t\t\t<div class=\"elementor-element elementor-element-11173ef elementor-grid-2 elementor-grid-tablet-2 elementor-grid-mobile-1 elementor-posts--thumbnail-top load-more-align-center elementor-widget elementor-widget-posts\" data-id=\"11173ef\" data-element_type=\"widget\" data-settings=\"{&quot;classic_columns&quot;:&quot;2&quot;,&quot;pagination_type&quot;:&quot;load_more_on_click&quot;,&quot;classic_columns_tablet&quot;:&quot;2&quot;,&quot;classic_columns_mobile&quot;:&quot;1&quot;,&quot;classic_row_gap&quot;:{&quot;unit&quot;:&quot;px&quot;,&quot;size&quot;:35,&quot;sizes&quot;:[]},&quot;classic_row_gap_tablet&quot;:{&quot;unit&quot;:&quot;px&quot;,&quot;size&quot;:&quot;&quot;,&quot;sizes&quot;:[]},&quot;classic_row_gap_mobile&quot;:{&quot;unit&quot;:&quot;px&quot;,&quot;size&quot;:&quot;&quot;,&quot;sizes&quot;:[]},&quot;load_more_spinner&quot;:{&quot;value&quot;:&quot;fas fa-spinner&quot;,&quot;library&quot;:&quot;fa-solid&quot;}}\" data-widget_type=\"posts.classic\">\n\t\t\t\t<div class=\"elementor-widget-container\">\n\t\t\t<link rel=\"stylesheet\" href=\"https:\/\/anagonzalezrojas.com\/wp-content\/plugins\/elementor-pro\/assets\/css\/widget-posts.min.css\">\t\t<div class=\"elementor-posts-container elementor-posts elementor-posts--skin-classic elementor-grid\">\n\t\t\t\t<article class=\"elementor-post elementor-grid-item post-1961 post type-post status-publish format-standard has-post-thumbnail hentry category-series\">\n\t\t\t\t<a class=\"elementor-post__thumbnail__link\" href=\"https:\/\/anagonzalezrojas.com\/index.php\/2026\/04\/23\/rio-2\/\" >\n\t\t\t<div class=\"elementor-post__thumbnail\"><img loading=\"lazy\" decoding=\"async\" width=\"2560\" height=\"2367\" src=\"https:\/\/anagonzalezrojas.com\/wp-content\/uploads\/2026\/04\/27.-Rio-Volador-2-scaled.jpg\" class=\"attachment-full size-full\" alt=\"\" \/><\/div>\n\t\t<\/a>\n\t\t\t\t<div class=\"elementor-post__text\">\n\t\t\t\t<h3 class=\"elementor-post__title\">\n\t\t\t<a href=\"https:\/\/anagonzalezrojas.com\/index.php\/2026\/04\/23\/rio-2\/\" >\n\t\t\t\tRio\t\t\t<\/a>\n\t\t<\/h3>\n\t\t\t\t<div class=\"elementor-post__excerpt\">\n\t\t\t<p>Sean Kelly tiene el placer de presentar R\u00cdO, la tercera exposici\u00f3n de Ana Gonz\u00e1lez con la galer\u00eda. Concebida como un r\u00edo metaf\u00f3rico, R\u00cdO fluye a<\/p>\n\t\t<\/div>\n\t\t\t\t\t<a class=\"elementor-post__read-more\" href=\"https:\/\/anagonzalezrojas.com\/index.php\/2026\/04\/23\/rio-2\/\" >\n\t\t\t\tVer m\u00e1s\u00bb\t\t\t<\/a>\n\t\t\t\t<\/div>\n\t\t\t\t<\/article>\n\t\t\t\t<article class=\"elementor-post elementor-grid-item post-1894 post type-post status-publish format-standard has-post-thumbnail hentry category-series\">\n\t\t\t\t<a class=\"elementor-post__thumbnail__link\" href=\"https:\/\/anagonzalezrojas.com\/index.php\/2026\/04\/23\/verde\/\" >\n\t\t\t<div class=\"elementor-post__thumbnail\"><img loading=\"lazy\" decoding=\"async\" width=\"584\" height=\"540\" src=\"https:\/\/anagonzalezrojas.com\/wp-content\/uploads\/2026\/04\/a2f5a1657f4e396ec336ffba773b09f6-1.jpeg\" class=\"attachment-full size-full\" alt=\"\" \/><\/div>\n\t\t<\/a>\n\t\t\t\t<div class=\"elementor-post__text\">\n\t\t\t\t<h3 class=\"elementor-post__title\">\n\t\t\t<a href=\"https:\/\/anagonzalezrojas.com\/index.php\/2026\/04\/23\/verde\/\" >\n\t\t\t\tVerde\t\t\t<\/a>\n\t\t<\/h3>\n\t\t\t\t<div class=\"elementor-post__excerpt\">\n\t\t\t<p>Sean Kelly tiene el placer de presentar VERDES, la primera exposici\u00f3n individual de Ana Gonz\u00e1lez en Los \u00c1ngeles. A trav\u00e9s de su pr\u00e1ctica art\u00edstica, Gonz\u00e1lez<\/p>\n\t\t<\/div>\n\t\t\t\t\t<a class=\"elementor-post__read-more\" href=\"https:\/\/anagonzalezrojas.com\/index.php\/2026\/04\/23\/verde\/\" >\n\t\t\t\tVer m\u00e1s\u00bb\t\t\t<\/a>\n\t\t\t\t<\/div>\n\t\t\t\t<\/article>\n\t\t\t\t<article class=\"elementor-post elementor-grid-item post-1765 post type-post status-publish format-gallery has-post-thumbnail hentry category-series post_format-post-format-gallery\">\n\t\t\t\t<a class=\"elementor-post__thumbnail__link\" href=\"https:\/\/anagonzalezrojas.com\/index.php\/2025\/02\/22\/llovizna\/\" >\n\t\t\t<div class=\"elementor-post__thumbnail\"><img loading=\"lazy\" decoding=\"async\" width=\"2560\" height=\"1707\" src=\"https:\/\/anagonzalezrojas.com\/wp-content\/uploads\/2025\/02\/ANA-GONZALEZ_SERRANIAS-DEL-DIOS-DE-LA-NOCHE_FOTOGRAFIA-SOBRE-TEXTIL-SUBLIMADA-Y-DESBASTADA_250X120CM-C_U_2024_Pared-1-scaled.jpg\" class=\"attachment-full size-full\" alt=\"\" \/><\/div>\n\t\t<\/a>\n\t\t\t\t<div class=\"elementor-post__text\">\n\t\t\t\t<h3 class=\"elementor-post__title\">\n\t\t\t<a href=\"https:\/\/anagonzalezrojas.com\/index.php\/2025\/02\/22\/llovizna\/\" >\n\t\t\t\tLLOVIZNA.\t\t\t<\/a>\n\t\t<\/h3>\n\t\t\t\t<div class=\"elementor-post__excerpt\">\n\t\t\t<p>Nacido en tierra sagrada para los muisca, a once mil pies en el P\u00e1ramo deGuacheneque, el R\u00edo Bogot\u00e1 cae a la sabana como un peque\u00f1o<\/p>\n\t\t<\/div>\n\t\t\t\t\t<a class=\"elementor-post__read-more\" href=\"https:\/\/anagonzalezrojas.com\/index.php\/2025\/02\/22\/llovizna\/\" >\n\t\t\t\tVer m\u00e1s\u00bb\t\t\t<\/a>\n\t\t\t\t<\/div>\n\t\t\t\t<\/article>\n\t\t\t\t<article class=\"elementor-post elementor-grid-item post-1715 post type-post status-publish format-gallery has-post-thumbnail hentry category-series post_format-post-format-gallery\">\n\t\t\t\t<a class=\"elementor-post__thumbnail__link\" href=\"https:\/\/anagonzalezrojas.com\/index.php\/2025\/01\/21\/bruma\/\" >\n\t\t\t<div class=\"elementor-post__thumbnail\"><img loading=\"lazy\" decoding=\"async\" width=\"2444\" height=\"1118\" src=\"https:\/\/anagonzalezrojas.com\/wp-content\/uploads\/2025\/01\/Captura-de-pantalla-2025-01-21-a-las-9.30.34-a.m.png\" class=\"attachment-full size-full\" alt=\"\" \/><\/div>\n\t\t<\/a>\n\t\t\t\t<div class=\"elementor-post__text\">\n\t\t\t\t<h3 class=\"elementor-post__title\">\n\t\t\t<a href=\"https:\/\/anagonzalezrojas.com\/index.php\/2025\/01\/21\/bruma\/\" >\n\t\t\t\tBruma\t\t\t<\/a>\n\t\t<\/h3>\n\t\t\t\t<div class=\"elementor-post__excerpt\">\n\t\t\t<p>Sean Kelly, New York se complace de presentar Bruma, la primera exhibicio\u0301n individual de Ana Gonza\u0301lez en Nueva York. Las pinturas y tapices exhibidos en<\/p>\n\t\t<\/div>\n\t\t\t\t\t<a class=\"elementor-post__read-more\" href=\"https:\/\/anagonzalezrojas.com\/index.php\/2025\/01\/21\/bruma\/\" >\n\t\t\t\tVer m\u00e1s\u00bb\t\t\t<\/a>\n\t\t\t\t<\/div>\n\t\t\t\t<\/article>\n\t\t\t\t<article class=\"elementor-post elementor-grid-item post-1394 post type-post status-publish format-gallery has-post-thumbnail hentry category-series post_format-post-format-gallery\">\n\t\t\t\t<a class=\"elementor-post__thumbnail__link\" href=\"https:\/\/anagonzalezrojas.com\/index.php\/2023\/08\/28\/tropicos-2\/\" >\n\t\t\t<div class=\"elementor-post__thumbnail\"><img loading=\"lazy\" decoding=\"async\" width=\"720\" height=\"525\" src=\"https:\/\/anagonzalezrojas.com\/wp-content\/uploads\/2023\/08\/tropicos.jpg\" class=\"attachment-full size-full\" alt=\"\" \/><\/div>\n\t\t<\/a>\n\t\t\t\t<div class=\"elementor-post__text\">\n\t\t\t\t<h3 class=\"elementor-post__title\">\n\t\t\t<a href=\"https:\/\/anagonzalezrojas.com\/index.php\/2023\/08\/28\/tropicos-2\/\" >\n\t\t\t\tTr\u00f3picos\t\t\t<\/a>\n\t\t<\/h3>\n\t\t\t\t<div class=\"elementor-post__excerpt\">\n\t\t\t<p>Cuando se percibe la naturaleza como una red, su vulnerabilidad salta a la vista. Todo se sostiene junto. Si se tira de un hilo, puede<\/p>\n\t\t<\/div>\n\t\t\t\t\t<a class=\"elementor-post__read-more\" href=\"https:\/\/anagonzalezrojas.com\/index.php\/2023\/08\/28\/tropicos-2\/\" >\n\t\t\t\tVer m\u00e1s\u00bb\t\t\t<\/a>\n\t\t\t\t<\/div>\n\t\t\t\t<\/article>\n\t\t\t\t<article class=\"elementor-post elementor-grid-item post-490 post type-post status-publish format-gallery has-post-thumbnail hentry category-series post_format-post-format-gallery\">\n\t\t\t\t<a class=\"elementor-post__thumbnail__link\" href=\"https:\/\/anagonzalezrojas.com\/index.php\/2023\/06\/15\/devastaciones\/\" >\n\t\t\t<div class=\"elementor-post__thumbnail\"><img loading=\"lazy\" decoding=\"async\" width=\"720\" height=\"525\" src=\"https:\/\/anagonzalezrojas.com\/wp-content\/uploads\/2023\/06\/devastaciones.jpg\" class=\"attachment-full size-full\" alt=\"\" \/><\/div>\n\t\t<\/a>\n\t\t\t\t<div class=\"elementor-post__text\">\n\t\t\t\t<h3 class=\"elementor-post__title\">\n\t\t\t<a href=\"https:\/\/anagonzalezrojas.com\/index.php\/2023\/06\/15\/devastaciones\/\" >\n\t\t\t\tDevastaciones\t\t\t<\/a>\n\t\t<\/h3>\n\t\t\t\t<div class=\"elementor-post__excerpt\">\n\t\t\t<p>Creo que el Dios de esta artista terrenal y viva, m\u00e1s que el Dios ol\u00edmpico de los padres de la Iglesia, se acerca al Dios<\/p>\n\t\t<\/div>\n\t\t\t\t\t<a class=\"elementor-post__read-more\" href=\"https:\/\/anagonzalezrojas.com\/index.php\/2023\/06\/15\/devastaciones\/\" >\n\t\t\t\tVer m\u00e1s\u00bb\t\t\t<\/a>\n\t\t\t\t<\/div>\n\t\t\t\t<\/article>\n\t\t\t\t<article class=\"elementor-post elementor-grid-item post-508 post type-post status-publish format-gallery has-post-thumbnail hentry category-series post_format-post-format-gallery\">\n\t\t\t\t<a class=\"elementor-post__thumbnail__link\" href=\"https:\/\/anagonzalezrojas.com\/index.php\/2023\/06\/14\/devastaciones-2\/\" >\n\t\t\t<div class=\"elementor-post__thumbnail\"><img loading=\"lazy\" decoding=\"async\" width=\"720\" height=\"525\" src=\"https:\/\/anagonzalezrojas.com\/wp-content\/uploads\/2023\/06\/hijas.png\" class=\"attachment-full size-full\" alt=\"\" \/><\/div>\n\t\t<\/a>\n\t\t\t\t<div class=\"elementor-post__text\">\n\t\t\t\t<h3 class=\"elementor-post__title\">\n\t\t\t<a href=\"https:\/\/anagonzalezrojas.com\/index.php\/2023\/06\/14\/devastaciones-2\/\" >\n\t\t\t\tHijas del Agua\t\t\t<\/a>\n\t\t<\/h3>\n\t\t\t\t<div class=\"elementor-post__excerpt\">\n\t\t\t<p>Hijas del Agua celebra los or\u00edgenes m\u00edticos. Cada obra de arte constituye una plegaria. Juntas, despiertan los hilos m\u00edsticos de la memoria que se remontan<\/p>\n\t\t<\/div>\n\t\t\t\t\t<a class=\"elementor-post__read-more\" href=\"https:\/\/anagonzalezrojas.com\/index.php\/2023\/06\/14\/devastaciones-2\/\" >\n\t\t\t\tVer m\u00e1s\u00bb\t\t\t<\/a>\n\t\t\t\t<\/div>\n\t\t\t\t<\/article>\n\t\t\t\t<article class=\"elementor-post elementor-grid-item post-470 post type-post status-publish format-gallery has-post-thumbnail hentry category-series post_format-post-format-gallery\">\n\t\t\t\t<a class=\"elementor-post__thumbnail__link\" href=\"https:\/\/anagonzalezrojas.com\/index.php\/2023\/06\/13\/salvavidas-con-el-batallon-2\/\" >\n\t\t\t<div class=\"elementor-post__thumbnail\"><img loading=\"lazy\" decoding=\"async\" width=\"720\" height=\"525\" src=\"https:\/\/anagonzalezrojas.com\/wp-content\/uploads\/2023\/06\/bellas.png\" class=\"attachment-full size-full\" alt=\"\" \/><\/div>\n\t\t<\/a>\n\t\t\t\t<div class=\"elementor-post__text\">\n\t\t\t\t<h3 class=\"elementor-post__title\">\n\t\t\t<a href=\"https:\/\/anagonzalezrojas.com\/index.php\/2023\/06\/13\/salvavidas-con-el-batallon-2\/\" >\n\t\t\t\tBellas durmientes\t\t\t<\/a>\n\t\t<\/h3>\n\t\t\t\t<div class=\"elementor-post__excerpt\">\n\t\t\t<p>Esta serie de fotograf\u00edas documentales llamadas \u201cBellas durmientes\u201d fueron tomadas en el a\u00f1o 2013 en una casa abruptamente abandonada en C\u00f3rdoba, Colombia, \u00a0donde la vegetaci\u00f3n<\/p>\n\t\t<\/div>\n\t\t\t\t\t<a class=\"elementor-post__read-more\" href=\"https:\/\/anagonzalezrojas.com\/index.php\/2023\/06\/13\/salvavidas-con-el-batallon-2\/\" >\n\t\t\t\tVer m\u00e1s\u00bb\t\t\t<\/a>\n\t\t\t\t<\/div>\n\t\t\t\t<\/article>\n\t\t\t\t<article class=\"elementor-post elementor-grid-item post-585 post type-post status-publish format-gallery has-post-thumbnail hentry category-series post_format-post-format-gallery\">\n\t\t\t\t<a class=\"elementor-post__thumbnail__link\" href=\"https:\/\/anagonzalezrojas.com\/index.php\/2023\/06\/12\/mutum\/\" >\n\t\t\t<div class=\"elementor-post__thumbnail\"><img loading=\"lazy\" decoding=\"async\" width=\"720\" height=\"525\" src=\"https:\/\/anagonzalezrojas.com\/wp-content\/uploads\/2023\/06\/Mutum.png\" class=\"attachment-full size-full\" alt=\"\" \/><\/div>\n\t\t<\/a>\n\t\t\t\t<div class=\"elementor-post__text\">\n\t\t\t\t<h3 class=\"elementor-post__title\">\n\t\t\t<a href=\"https:\/\/anagonzalezrojas.com\/index.php\/2023\/06\/12\/mutum\/\" >\n\t\t\t\tMutuum\t\t\t<\/a>\n\t\t<\/h3>\n\t\t\t\t<div class=\"elementor-post__excerpt\">\n\t\t\t<p>\u00c1rboles, flores, abejas, pastos, r\u00edos, monta\u00f1as, nubes, piedras\u2026 La naturaleza es la gran met\u00e1fora. El paisaje es una proyecci\u00f3n de los sentimientos humanos, una construcci\u00f3n<\/p>\n\t\t<\/div>\n\t\t\t\t\t<a class=\"elementor-post__read-more\" href=\"https:\/\/anagonzalezrojas.com\/index.php\/2023\/06\/12\/mutum\/\" >\n\t\t\t\tVer m\u00e1s\u00bb\t\t\t<\/a>\n\t\t\t\t<\/div>\n\t\t\t\t<\/article>\n\t\t\t\t<\/div>\n\n\n\t\t\t\t\t<span class=\"e-load-more-spinner\">\n\t\t\t\t<i aria-hidden=\"true\" class=\"fas fa-spinner\"><\/i>\t\t\t<\/span>\n\t\t\n\t\t\t\t<div class=\"e-load-more-anchor\" data-page=\"1\" data-max-page=\"2\" data-next-page=\"https:\/\/anagonzalezrojas.com\/index.php\/wp-json\/wp\/v2\/pages\/172\/page\/2\/\"><\/div>\n\t\t\t\t<div class=\"elementor-button-wrapper\">\n\t\t\t<a href=\"#\" class=\"elementor-button-link elementor-button\" role=\"button\">\n\t\t\t\t\t\t<span class=\"elementor-button-content-wrapper\">\n\t\t\t\t\t\t<span class=\"elementor-button-text\">Load More<\/span>\n\t\t<\/span>\n\t\t\t\t\t<\/a>\n\t\t<\/div>\n\t\t\t\t<div class=\"e-load-more-message\">No more posts to show<\/div>\n\t\t\t\t<\/div>\n\t\t\t\t<\/div>\n\t\t\t\t\t<\/div>\n\t\t<\/div>\n\t\t\t\t\t\t\t<\/div>\n\t\t<\/section>\n\t\t\t\t<section class=\"elementor-section elementor-top-section elementor-element elementor-element-d803620 elementor-section-boxed elementor-section-height-default elementor-section-height-default\" data-id=\"d803620\" data-element_type=\"section\">\n\t\t\t\t\t\t<div class=\"elementor-container elementor-column-gap-default\">\n\t\t\t\t\t<div class=\"elementor-column elementor-col-100 elementor-top-column elementor-element elementor-element-fcb6160\" data-id=\"fcb6160\" data-element_type=\"column\">\n\t\t\t<div class=\"elementor-widget-wrap elementor-element-populated\">\n\t\t\t\t\t\t\t\t<div class=\"elementor-element elementor-element-7f3ffa8 elementor-widget-divider--view-line elementor-widget elementor-widget-divider\" data-id=\"7f3ffa8\" data-element_type=\"widget\" data-widget_type=\"divider.default\">\n\t\t\t\t<div class=\"elementor-widget-container\">\n\t\t\t\t\t<div class=\"elementor-divider\">\n\t\t\t<span class=\"elementor-divider-separator\">\n\t\t\t\t\t\t<\/span>\n\t\t<\/div>\n\t\t\t\t<\/div>\n\t\t\t\t<\/div>\n\t\t\t\t\t<\/div>\n\t\t<\/div>\n\t\t\t\t\t\t\t<\/div>\n\t\t<\/section>\n\t\t\t\t\t\t\t<\/div>\n\t\t","protected":false},"excerpt":{"rendered":"<p>Series<\/p>\n","protected":false},"author":1,"featured_media":0,"parent":0,"menu_order":0,"comment_status":"closed","ping_status":"closed","template":"","meta":{"site-sidebar-layout":"no-sidebar","site-content-layout":"page-builder","ast-global-header-display":"","ast-main-header-display":"","ast-hfb-above-header-display":"","ast-hfb-below-header-display":"","ast-hfb-mobile-header-display":"","site-post-title":"disabled","ast-breadcrumbs-content":"","ast-featured-img":"disabled","footer-sml-layout":"","theme-transparent-header-meta":"","adv-header-id-meta":"","stick-header-meta":"","header-above-stick-meta":"","header-main-stick-meta":"","header-below-stick-meta":"","footnotes":""},"class_list":["post-172","page","type-page","status-publish","hentry"],"_links":{"self":[{"href":"https:\/\/anagonzalezrojas.com\/index.php\/wp-json\/wp\/v2\/pages\/172","targetHints":{"allow":["GET"]}}],"collection":[{"href":"https:\/\/anagonzalezrojas.com\/index.php\/wp-json\/wp\/v2\/pages"}],"about":[{"href":"https:\/\/anagonzalezrojas.com\/index.php\/wp-json\/wp\/v2\/types\/page"}],"author":[{"embeddable":true,"href":"https:\/\/anagonzalezrojas.com\/index.php\/wp-json\/wp\/v2\/users\/1"}],"replies":[{"embeddable":true,"href":"https:\/\/anagonzalezrojas.com\/index.php\/wp-json\/wp\/v2\/comments?post=172"}],"version-history":[{"count":38,"href":"https:\/\/anagonzalezrojas.com\/index.php\/wp-json\/wp\/v2\/pages\/172\/revisions"}],"predecessor-version":[{"id":1812,"href":"https:\/\/anagonzalezrojas.com\/index.php\/wp-json\/wp\/v2\/pages\/172\/revisions\/1812"}],"wp:attachment":[{"href":"https:\/\/anagonzalezrojas.com\/index.php\/wp-json\/wp\/v2\/media?parent=172"}],"curies":[{"name":"wp","href":"https:\/\/api.w.org\/{rel}","templated":true}]}}